{"id":18,"date":"2024-03-30T10:30:09","date_gmt":"2024-03-30T10:30:09","guid":{"rendered":"https:\/\/julius.von-lorentz.de\/?page_id=18"},"modified":"2026-04-14T18:31:44","modified_gmt":"2026-04-14T18:31:44","slug":"kontakt","status":"publish","type":"page","link":"https:\/\/julius.von-lorentz.de\/en\/kontakt\/","title":{"rendered":"Contact"},"content":{"rendered":"\t\t<div data-elementor-type=\"wp-page\" data-elementor-id=\"18\" class=\"elementor elementor-18\">\n\t\t\t\t<div class=\"elementor-element elementor-element-828a6fe e-flex e-con-boxed e-con e-parent\" data-id=\"828a6fe\" data-element_type=\"container\" data-e-type=\"container\" data-settings=\"{&quot;background_background&quot;:&quot;classic&quot;}\">\n\t\t\t\t\t<div class=\"e-con-inner\">\n\t\t<div class=\"elementor-element elementor-element-5adb4ce e-con-full e-flex e-con e-child\" data-id=\"5adb4ce\" data-element_type=\"container\" data-e-type=\"container\">\n\t\t\t\t<div class=\"elementor-element elementor-element-0475228 elementor-widget elementor-widget-heading\" data-id=\"0475228\" data-element_type=\"widget\" data-e-type=\"widget\" data-widget_type=\"heading.default\">\n\t\t\t\t<div class=\"elementor-widget-container\">\n\t\t\t\t\t<h2 class=\"elementor-heading-title elementor-size-default\">Kontakt<\/h2>\t\t\t\t<\/div>\n\t\t\t\t<\/div>\n\t\t\t\t<div class=\"elementor-element elementor-element-1dc8d2d elementor-widget elementor-widget-text-editor\" data-id=\"1dc8d2d\" data-element_type=\"widget\" data-e-type=\"widget\" data-widget_type=\"text-editor.default\">\n\t\t\t\t<div class=\"elementor-widget-container\">\n\t\t\t\t\t\t\t\t\t<p>F\u00fcr Anfragen zu Partituren, Auff\u00fchrungsmaterial oder neuen Kompositionsauftr\u00e4gen stehe ich Ihnen gerne zur Verf\u00fcgung. Ich freue mich auf Ihre Nachricht!<\/p>\t\t\t\t\t\t\t\t<\/div>\n\t\t\t\t<\/div>\n\t\t\t\t<div class=\"elementor-element elementor-element-8e70b34 elementor-widget elementor-widget-text-editor\" data-id=\"8e70b34\" data-element_type=\"widget\" data-e-type=\"widget\" data-widget_type=\"text-editor.default\">\n\t\t\t\t<div class=\"elementor-widget-container\">\n\t\t\t\t\t\t\t\t\t<p>julius[at]von-lorentz[dot]de<\/p>\t\t\t\t\t\t\t\t<\/div>\n\t\t\t\t<\/div>\n\t\t<div class=\"elementor-element elementor-element-ed82974 e-con-full e-flex e-con e-child\" data-id=\"ed82974\" data-element_type=\"container\" data-e-type=\"container\">\n\t\t\t\t<div class=\"elementor-element elementor-element-bd0c1fe elementor-view-default elementor-widget elementor-widget-icon\" data-id=\"bd0c1fe\" data-element_type=\"widget\" data-e-type=\"widget\" data-widget_type=\"icon.default\">\n\t\t\t\t<div class=\"elementor-widget-container\">\n\t\t\t\t\t\t\t<div class=\"elementor-icon-wrapper\">\n\t\t\t<a class=\"elementor-icon\" href=\"https:\/\/instagram.com\/jvlorentz\">\n\t\t\t<svg aria-hidden=\"true\" class=\"e-font-icon-svg e-fab-instagram\" viewBox=\"0 0 448 512\" xmlns=\"http:\/\/www.w3.org\/2000\/svg\"><path d=\"M224.1 141c-63.6 0-114.9 51.3-114.9 114.9s51.3 114.9 114.9 114.9S339 319.5 339 255.9 287.7 141 224.1 141zm0 189.6c-41.1 0-74.7-33.5-74.7-74.7s33.5-74.7 74.7-74.7 74.7 33.5 74.7 74.7-33.6 74.7-74.7 74.7zm146.4-194.3c0 14.9-12 26.8-26.8 26.8-14.9 0-26.8-12-26.8-26.8s12-26.8 26.8-26.8 26.8 12 26.8 26.8zm76.1 27.2c-1.7-35.9-9.9-67.7-36.2-93.9-26.2-26.2-58-34.4-93.9-36.2-37-2.1-147.9-2.1-184.9 0-35.8 1.7-67.6 9.9-93.9 36.1s-34.4 58-36.2 93.9c-2.1 37-2.1 147.9 0 184.9 1.7 35.9 9.9 67.7 36.2 93.9s58 34.4 93.9 36.2c37 2.1 147.9 2.1 184.9 0 35.9-1.7 67.7-9.9 93.9-36.2 26.2-26.2 34.4-58 36.2-93.9 2.1-37 2.1-147.8 0-184.8zM398.8 388c-7.8 19.6-22.9 34.7-42.6 42.6-29.5 11.7-99.5 9-132.1 9s-102.7 2.6-132.1-9c-19.6-7.8-34.7-22.9-42.6-42.6-11.7-29.5-9-99.5-9-132.1s-2.6-102.7 9-132.1c7.8-19.6 22.9-34.7 42.6-42.6 29.5-11.7 99.5-9 132.1-9s102.7-2.6 132.1 9c19.6 7.8 34.7 22.9 42.6 42.6 11.7 29.5 9 99.5 9 132.1s2.7 102.7-9 132.1z\"><\/path><\/svg>\t\t\t<\/a>\n\t\t<\/div>\n\t\t\t\t\t\t<\/div>\n\t\t\t\t<\/div>\n\t\t\t\t<div class=\"elementor-element elementor-element-d054dc3 elementor-view-default elementor-widget elementor-widget-icon\" data-id=\"d054dc3\" data-element_type=\"widget\" data-e-type=\"widget\" data-widget_type=\"icon.default\">\n\t\t\t\t<div class=\"elementor-widget-container\">\n\t\t\t\t\t\t\t<div class=\"elementor-icon-wrapper\">\n\t\t\t<a class=\"elementor-icon\" href=\"https:\/\/youtube.com\/@juliusvonlorentz\">\n\t\t\t<svg aria-hidden=\"true\" class=\"e-font-icon-svg e-fab-youtube\" viewBox=\"0 0 576 512\" xmlns=\"http:\/\/www.w3.org\/2000\/svg\"><path d=\"M549.655 124.083c-6.281-23.65-24.787-42.276-48.284-48.597C458.781 64 288 64 288 64S117.22 64 74.629 75.486c-23.497 6.322-42.003 24.947-48.284 48.597-11.412 42.867-11.412 132.305-11.412 132.305s0 89.438 11.412 132.305c6.281 23.65 24.787 41.5 48.284 47.821C117.22 448 288 448 288 448s170.78 0 213.371-11.486c23.497-6.321 42.003-24.171 48.284-47.821 11.412-42.867 11.412-132.305 11.412-132.305s0-89.438-11.412-132.305zm-317.51 213.508V175.185l142.739 81.205-142.739 81.201z\"><\/path><\/svg>\t\t\t<\/a>\n\t\t<\/div>\n\t\t\t\t\t\t<\/div>\n\t\t\t\t<\/div>\n\t\t\t\t<\/div>\n\t\t\t\t<\/div>\n\t\t<div class=\"elementor-element elementor-element-a3560ad e-con-full e-flex e-con e-child\" data-id=\"a3560ad\" data-element_type=\"container\" data-e-type=\"container\">\n\t\t\t\t<div class=\"elementor-element elementor-element-8a92c29 elementor-widget elementor-widget-image\" data-id=\"8a92c29\" data-element_type=\"widget\" data-e-type=\"widget\" data-widget_type=\"image.default\">\n\t\t\t\t<div class=\"elementor-widget-container\">\n\t\t\t\t\t\t\t\t\t\t\t\t<figure class=\"wp-caption\">\n\t\t\t\t\t\t\t\t\t\t<img fetchpriority=\"high\" decoding=\"async\" width=\"948\" height=\"1024\" src=\"https:\/\/julius.von-lorentz.de\/wp-content\/uploads\/2025\/12\/42cropped-Julius-von-Lorentz-Hanna-Koenig-web-06151-948x1024.jpeg\" class=\"attachment-large size-large wp-image-373\" alt=\"\" srcset=\"https:\/\/julius.von-lorentz.de\/wp-content\/uploads\/2025\/12\/42cropped-Julius-von-Lorentz-Hanna-Koenig-web-06151-948x1024.jpeg 948w, https:\/\/julius.von-lorentz.de\/wp-content\/uploads\/2025\/12\/42cropped-Julius-von-Lorentz-Hanna-Koenig-web-06151-278x300.jpeg 278w, https:\/\/julius.von-lorentz.de\/wp-content\/uploads\/2025\/12\/42cropped-Julius-von-Lorentz-Hanna-Koenig-web-06151-768x829.jpeg 768w, https:\/\/julius.von-lorentz.de\/wp-content\/uploads\/2025\/12\/42cropped-Julius-von-Lorentz-Hanna-Koenig-web-06151-11x12.jpeg 11w, https:\/\/julius.von-lorentz.de\/wp-content\/uploads\/2025\/12\/42cropped-Julius-von-Lorentz-Hanna-Koenig-web-06151.jpeg 1067w\" sizes=\"(max-width: 948px) 100vw, 948px\" \/>\t\t\t\t\t\t\t\t\t\t\t<figcaption class=\"widget-image-caption wp-caption-text\">Foto: Hanna K\u00f6nig<\/figcaption>\n\t\t\t\t\t\t\t\t\t\t<\/figure>\n\t\t\t\t\t\t\t\t\t<\/div>\n\t\t\t\t<\/div>\n\t\t\t\t<\/div>\n\t\t\t\t\t<\/div>\n\t\t\t\t<\/div>\n\t\t\t\t<\/div>\n\t\t","protected":false},"excerpt":{"rendered":"<p>Kontakt F\u00fcr Anfragen zu Partituren, Auff\u00fchrungsmaterial oder neuen Kompositionsauftr\u00e4gen stehe ich Ihnen gerne zur Verf\u00fcgung. Ich freue mich auf Ihre Nachricht! julius[at]von-lorentz[dot]de Foto: Hanna K\u00f6nig<\/p>\n","protected":false},"author":1,"featured_media":0,"parent":0,"menu_order":0,"comment_status":"closed","ping_status":"closed","template":"","meta":{"ocean_post_layout":"full-screen","ocean_both_sidebars_style":"","ocean_both_sidebars_content_width":0,"ocean_both_sidebars_sidebars_width":0,"ocean_sidebar":"","ocean_second_sidebar":"","ocean_disable_margins":"enable","ocean_add_body_class":"","ocean_shortcode_before_top_bar":"","ocean_shortcode_after_top_bar":"","ocean_shortcode_before_header":"","ocean_shortcode_after_header":"","ocean_has_shortcode":"","ocean_shortcode_after_title":"","ocean_shortcode_before_footer_widgets":"","ocean_shortcode_after_footer_widgets":"","ocean_shortcode_before_footer_bottom":"","ocean_shortcode_after_footer_bottom":"","ocean_display_top_bar":"off","ocean_display_header":"default","ocean_header_style":"","ocean_center_header_left_menu":"","ocean_custom_header_template":"","ocean_custom_logo":0,"ocean_custom_retina_logo":0,"ocean_custom_logo_max_width":0,"ocean_custom_logo_tablet_max_width":0,"ocean_custom_logo_mobile_max_width":0,"ocean_custom_logo_max_height":0,"ocean_custom_logo_tablet_max_height":0,"ocean_custom_logo_mobile_max_height":0,"ocean_header_custom_menu":"","ocean_menu_typo_font_family":"","ocean_menu_typo_font_subset":"","ocean_menu_typo_font_size":0,"ocean_menu_typo_font_size_tablet":0,"ocean_menu_typo_font_size_mobile":0,"ocean_menu_typo_font_size_unit":"px","ocean_menu_typo_font_weight":"","ocean_menu_typo_font_weight_tablet":"","ocean_menu_typo_font_weight_mobile":"","ocean_menu_typo_transform":"","ocean_menu_typo_transform_tablet":"","ocean_menu_typo_transform_mobile":"","ocean_menu_typo_line_height":0,"ocean_menu_typo_line_height_tablet":0,"ocean_menu_typo_line_height_mobile":0,"ocean_menu_typo_line_height_unit":"","ocean_menu_typo_spacing":0,"ocean_menu_typo_spacing_tablet":0,"ocean_menu_typo_spacing_mobile":0,"ocean_menu_typo_spacing_unit":"","ocean_menu_link_color":"","ocean_menu_link_color_hover":"","ocean_menu_link_color_active":"","ocean_menu_link_background":"","ocean_menu_link_hover_background":"","ocean_menu_link_active_background":"","ocean_menu_social_links_bg":"","ocean_menu_social_hover_links_bg":"","ocean_menu_social_links_color":"","ocean_menu_social_hover_links_color":"","ocean_disable_title":"on","ocean_disable_heading":"default","ocean_post_title":"","ocean_post_subheading":"","ocean_post_title_style":"","ocean_post_title_background_color":"","ocean_post_title_background":0,"ocean_post_title_bg_image_position":"","ocean_post_title_bg_image_attachment":"","ocean_post_title_bg_image_repeat":"","ocean_post_title_bg_image_size":"","ocean_post_title_height":0,"ocean_post_title_bg_overlay":0.5,"ocean_post_title_bg_overlay_color":"","ocean_disable_breadcrumbs":"default","ocean_breadcrumbs_color":"","ocean_breadcrumbs_separator_color":"","ocean_breadcrumbs_links_color":"","ocean_breadcrumbs_links_hover_color":"","ocean_display_footer_widgets":"off","ocean_display_footer_bottom":"off","ocean_custom_footer_template":"","footnotes":""},"class_list":["post-18","page","type-page","status-publish","hentry","entry"],"yoast_head":"<!-- This site is optimized with the Yoast SEO plugin v27.6 - https:\/\/yoast.com\/product\/yoast-seo-wordpress\/ -->\n<title>Kontakt - Julius von Lorentz<\/title>\n<meta name=\"robots\" content=\"index, follow, max-snippet:-1, max-image-preview:large, max-video-preview:-1\" \/>\n<link rel=\"canonical\" href=\"https:\/\/julius.von-lorentz.de\/en\/kontakt\/\" \/>\n<meta property=\"og:locale\" content=\"en_US\" \/>\n<meta property=\"og:type\" content=\"article\" \/>\n<meta property=\"og:title\" content=\"Kontakt - Julius von Lorentz\" \/>\n<meta property=\"og:description\" content=\"Kontakt F\u00fcr Anfragen zu Partituren, Auff\u00fchrungsmaterial oder neuen Kompositionsauftr\u00e4gen stehe ich Ihnen gerne zur Verf\u00fcgung. Ich freue mich auf Ihre Nachricht! julius[at]von-lorentz[dot]de Foto: Hanna K\u00f6nig\" \/>\n<meta property=\"og:url\" content=\"https:\/\/julius.von-lorentz.de\/en\/kontakt\/\" \/>\n<meta property=\"og:site_name\" content=\"Julius von Lorentz\" \/>\n<meta property=\"article:modified_time\" content=\"2026-04-14T18:31:44+00:00\" \/>\n<meta property=\"og:image\" content=\"https:\/\/julius.von-lorentz.de\/wp-content\/uploads\/2025\/12\/42cropped-Julius-von-Lorentz-Hanna-Koenig-web-06151.jpeg\" \/>\n\t<meta property=\"og:image:width\" content=\"1067\" \/>\n\t<meta property=\"og:image:height\" content=\"1152\" \/>\n\t<meta property=\"og:image:type\" content=\"image\/jpeg\" \/>\n<meta name=\"twitter:card\" content=\"summary_large_image\" \/>\n<script type=\"application\/ld+json\" class=\"yoast-schema-graph\">{\"@context\":\"https:\\\/\\\/schema.org\",\"@graph\":[{\"@type\":\"WebPage\",\"@id\":\"https:\\\/\\\/julius.von-lorentz.de\\\/kontakt\\\/\",\"url\":\"https:\\\/\\\/julius.von-lorentz.de\\\/kontakt\\\/\",\"name\":\"Kontakt - Julius von Lorentz\",\"isPartOf\":{\"@id\":\"https:\\\/\\\/julius.von-lorentz.de\\\/#website\"},\"primaryImageOfPage\":{\"@id\":\"https:\\\/\\\/julius.von-lorentz.de\\\/kontakt\\\/#primaryimage\"},\"image\":{\"@id\":\"https:\\\/\\\/julius.von-lorentz.de\\\/kontakt\\\/#primaryimage\"},\"thumbnailUrl\":\"https:\\\/\\\/julius.von-lorentz.de\\\/wp-content\\\/uploads\\\/2025\\\/12\\\/42cropped-Julius-von-Lorentz-Hanna-Koenig-web-06151-948x1024.jpeg\",\"datePublished\":\"2024-03-30T10:30:09+00:00\",\"dateModified\":\"2026-04-14T18:31:44+00:00\",\"breadcrumb\":{\"@id\":\"https:\\\/\\\/julius.von-lorentz.de\\\/kontakt\\\/#breadcrumb\"},\"inLanguage\":\"en-US\",\"potentialAction\":[{\"@type\":\"ReadAction\",\"target\":[\"https:\\\/\\\/julius.von-lorentz.de\\\/kontakt\\\/\"]}]},{\"@type\":\"ImageObject\",\"inLanguage\":\"en-US\",\"@id\":\"https:\\\/\\\/julius.von-lorentz.de\\\/kontakt\\\/#primaryimage\",\"url\":\"https:\\\/\\\/julius.von-lorentz.de\\\/wp-content\\\/uploads\\\/2025\\\/12\\\/42cropped-Julius-von-Lorentz-Hanna-Koenig-web-06151-948x1024.jpeg\",\"contentUrl\":\"https:\\\/\\\/julius.von-lorentz.de\\\/wp-content\\\/uploads\\\/2025\\\/12\\\/42cropped-Julius-von-Lorentz-Hanna-Koenig-web-06151-948x1024.jpeg\"},{\"@type\":\"BreadcrumbList\",\"@id\":\"https:\\\/\\\/julius.von-lorentz.de\\\/kontakt\\\/#breadcrumb\",\"itemListElement\":[{\"@type\":\"ListItem\",\"position\":1,\"name\":\"Start\",\"item\":\"https:\\\/\\\/julius.von-lorentz.de\\\/\"},{\"@type\":\"ListItem\",\"position\":2,\"name\":\"Kontakt\"}]},{\"@type\":\"WebSite\",\"@id\":\"https:\\\/\\\/julius.von-lorentz.de\\\/#website\",\"url\":\"https:\\\/\\\/julius.von-lorentz.de\\\/\",\"name\":\"Julius von Lorentz\",\"description\":\"Komponist\",\"publisher\":{\"@id\":\"https:\\\/\\\/julius.von-lorentz.de\\\/#\\\/schema\\\/person\\\/41157640be6f11d066a4d0e984e59733\"},\"potentialAction\":[{\"@type\":\"SearchAction\",\"target\":{\"@type\":\"EntryPoint\",\"urlTemplate\":\"https:\\\/\\\/julius.von-lorentz.de\\\/?s={search_term_string}\"},\"query-input\":{\"@type\":\"PropertyValueSpecification\",\"valueRequired\":true,\"valueName\":\"search_term_string\"}}],\"inLanguage\":\"en-US\"},{\"@type\":[\"Person\",\"Organization\"],\"@id\":\"https:\\\/\\\/julius.von-lorentz.de\\\/#\\\/schema\\\/person\\\/41157640be6f11d066a4d0e984e59733\",\"name\":\"Julius von Lorentz\",\"image\":{\"@type\":\"ImageObject\",\"inLanguage\":\"en-US\",\"@id\":\"https:\\\/\\\/julius.von-lorentz.de\\\/wp-content\\\/uploads\\\/2025\\\/12\\\/40cropped-Julius-von-Lorentz-Hanna-Koenig-web-06151.jpeg\",\"url\":\"https:\\\/\\\/julius.von-lorentz.de\\\/wp-content\\\/uploads\\\/2025\\\/12\\\/40cropped-Julius-von-Lorentz-Hanna-Koenig-web-06151.jpeg\",\"contentUrl\":\"https:\\\/\\\/julius.von-lorentz.de\\\/wp-content\\\/uploads\\\/2025\\\/12\\\/40cropped-Julius-von-Lorentz-Hanna-Koenig-web-06151.jpeg\",\"width\":1067,\"height\":1400,\"caption\":\"Julius von Lorentz\"},\"logo\":{\"@id\":\"https:\\\/\\\/julius.von-lorentz.de\\\/wp-content\\\/uploads\\\/2025\\\/12\\\/40cropped-Julius-von-Lorentz-Hanna-Koenig-web-06151.jpeg\"},\"sameAs\":[\"https:\\\/\\\/julius.von-lorentz.de\"]}]}<\/script>\n<!-- \/ Yoast SEO plugin. -->","yoast_head_json":{"title":"Kontakt - Julius von Lorentz","robots":{"index":"index","follow":"follow","max-snippet":"max-snippet:-1","max-image-preview":"max-image-preview:large","max-video-preview":"max-video-preview:-1"},"canonical":"https:\/\/julius.von-lorentz.de\/en\/kontakt\/","og_locale":"en_US","og_type":"article","og_title":"Kontakt - Julius von Lorentz","og_description":"Kontakt F\u00fcr Anfragen zu Partituren, Auff\u00fchrungsmaterial oder neuen Kompositionsauftr\u00e4gen stehe ich Ihnen gerne zur Verf\u00fcgung. Ich freue mich auf Ihre Nachricht! julius[at]von-lorentz[dot]de Foto: Hanna K\u00f6nig","og_url":"https:\/\/julius.von-lorentz.de\/en\/kontakt\/","og_site_name":"Julius von Lorentz","article_modified_time":"2026-04-14T18:31:44+00:00","og_image":[{"width":1067,"height":1152,"url":"https:\/\/julius.von-lorentz.de\/wp-content\/uploads\/2025\/12\/42cropped-Julius-von-Lorentz-Hanna-Koenig-web-06151.jpeg","type":"image\/jpeg"}],"twitter_card":"summary_large_image","schema":{"@context":"https:\/\/schema.org","@graph":[{"@type":"WebPage","@id":"https:\/\/julius.von-lorentz.de\/kontakt\/","url":"https:\/\/julius.von-lorentz.de\/kontakt\/","name":"Kontakt - Julius von Lorentz","isPartOf":{"@id":"https:\/\/julius.von-lorentz.de\/#website"},"primaryImageOfPage":{"@id":"https:\/\/julius.von-lorentz.de\/kontakt\/#primaryimage"},"image":{"@id":"https:\/\/julius.von-lorentz.de\/kontakt\/#primaryimage"},"thumbnailUrl":"https:\/\/julius.von-lorentz.de\/wp-content\/uploads\/2025\/12\/42cropped-Julius-von-Lorentz-Hanna-Koenig-web-06151-948x1024.jpeg","datePublished":"2024-03-30T10:30:09+00:00","dateModified":"2026-04-14T18:31:44+00:00","breadcrumb":{"@id":"https:\/\/julius.von-lorentz.de\/kontakt\/#breadcrumb"},"inLanguage":"en-US","potentialAction":[{"@type":"ReadAction","target":["https:\/\/julius.von-lorentz.de\/kontakt\/"]}]},{"@type":"ImageObject","inLanguage":"en-US","@id":"https:\/\/julius.von-lorentz.de\/kontakt\/#primaryimage","url":"https:\/\/julius.von-lorentz.de\/wp-content\/uploads\/2025\/12\/42cropped-Julius-von-Lorentz-Hanna-Koenig-web-06151-948x1024.jpeg","contentUrl":"https:\/\/julius.von-lorentz.de\/wp-content\/uploads\/2025\/12\/42cropped-Julius-von-Lorentz-Hanna-Koenig-web-06151-948x1024.jpeg"},{"@type":"BreadcrumbList","@id":"https:\/\/julius.von-lorentz.de\/kontakt\/#breadcrumb","itemListElement":[{"@type":"ListItem","position":1,"name":"Start","item":"https:\/\/julius.von-lorentz.de\/"},{"@type":"ListItem","position":2,"name":"Kontakt"}]},{"@type":"WebSite","@id":"https:\/\/julius.von-lorentz.de\/#website","url":"https:\/\/julius.von-lorentz.de\/","name":"Julius von Lorentz","description":"composer","publisher":{"@id":"https:\/\/julius.von-lorentz.de\/#\/schema\/person\/41157640be6f11d066a4d0e984e59733"},"potentialAction":[{"@type":"SearchAction","target":{"@type":"EntryPoint","urlTemplate":"https:\/\/julius.von-lorentz.de\/?s={search_term_string}"},"query-input":{"@type":"PropertyValueSpecification","valueRequired":true,"valueName":"search_term_string"}}],"inLanguage":"en-US"},{"@type":["Person","Organization"],"@id":"https:\/\/julius.von-lorentz.de\/#\/schema\/person\/41157640be6f11d066a4d0e984e59733","name":"Julius von Lorentz","image":{"@type":"ImageObject","inLanguage":"en-US","@id":"https:\/\/julius.von-lorentz.de\/wp-content\/uploads\/2025\/12\/40cropped-Julius-von-Lorentz-Hanna-Koenig-web-06151.jpeg","url":"https:\/\/julius.von-lorentz.de\/wp-content\/uploads\/2025\/12\/40cropped-Julius-von-Lorentz-Hanna-Koenig-web-06151.jpeg","contentUrl":"https:\/\/julius.von-lorentz.de\/wp-content\/uploads\/2025\/12\/40cropped-Julius-von-Lorentz-Hanna-Koenig-web-06151.jpeg","width":1067,"height":1400,"caption":"Julius von Lorentz"},"logo":{"@id":"https:\/\/julius.von-lorentz.de\/wp-content\/uploads\/2025\/12\/40cropped-Julius-von-Lorentz-Hanna-Koenig-web-06151.jpeg"},"sameAs":["https:\/\/julius.von-lorentz.de"]}]}},"_links":{"self":[{"href":"https:\/\/julius.von-lorentz.de\/en\/wp-json\/wp\/v2\/pages\/18","targetHints":{"allow":["GET"]}}],"collection":[{"href":"https:\/\/julius.von-lorentz.de\/en\/wp-json\/wp\/v2\/pages"}],"about":[{"href":"https:\/\/julius.von-lorentz.de\/en\/wp-json\/wp\/v2\/types\/page"}],"author":[{"embeddable":true,"href":"https:\/\/julius.von-lorentz.de\/en\/wp-json\/wp\/v2\/users\/1"}],"replies":[{"embeddable":true,"href":"https:\/\/julius.von-lorentz.de\/en\/wp-json\/wp\/v2\/comments?post=18"}],"version-history":[{"count":19,"href":"https:\/\/julius.von-lorentz.de\/en\/wp-json\/wp\/v2\/pages\/18\/revisions"}],"predecessor-version":[{"id":1100,"href":"https:\/\/julius.von-lorentz.de\/en\/wp-json\/wp\/v2\/pages\/18\/revisions\/1100"}],"wp:attachment":[{"href":"https:\/\/julius.von-lorentz.de\/en\/wp-json\/wp\/v2\/media?parent=18"}],"curies":[{"name":"wp","href":"https:\/\/api.w.org\/{rel}","templated":true}]}}